{"id":115,"date":"2023-02-13T14:36:21","date_gmt":"2023-02-13T13:36:21","guid":{"rendered":"https:\/\/serafin-renov.fr\/?page_id=115"},"modified":"2023-06-06T15:26:08","modified_gmt":"2023-06-06T13:26:08","slug":"orfee","status":"publish","type":"page","link":"https:\/\/serafin-renov.fr\/index.php\/orfee\/","title":{"rendered":"ORFEE"},"content":{"rendered":"<p>[et_pb_section fb_built=\u00a0\u00bb1&Prime; _builder_version=\u00a0\u00bb4.18.0&Prime; _module_preset=\u00a0\u00bbdefault\u00a0\u00bb use_background_color_gradient=\u00a0\u00bbon\u00a0\u00bb background_color_gradient_stops=\u00a0\u00bb#2b87da 0%|rgba(43, 145, 210, 1) 16%|#29c4a9 100%\u00a0\u00bb background_image=\u00a0\u00bbhttps:\/\/serafin-renov.fr\/wp-content\/uploads\/2023\/03\/kirill-zhylinsky-eLAR1Su0v3o-unsplash3-1-scaled.jpg\u00a0\u00bb filter_brightness=\u00a0\u00bb78%\u00a0\u00bb global_colors_info=\u00a0\u00bb{}\u00a0\u00bb][et_pb_row _builder_version=\u00a0\u00bb4.18.0&Prime; _module_preset=\u00a0\u00bbdefault\u00a0\u00bb custom_margin=\u00a0\u00bb-70px||||false|false\u00a0\u00bb border_color_all=\u00a0\u00bb#FFFFFF\u00a0\u00bb border_width_left=\u00a0\u00bb2px\u00a0\u00bb global_colors_info=\u00a0\u00bb{}\u00a0\u00bb][et_pb_column type=\u00a0\u00bb4_4&Prime; _builder_version=\u00a0\u00bb4.18.0&Prime; _module_preset=\u00a0\u00bbdefault\u00a0\u00bb global_colors_info=\u00a0\u00bb{}\u00a0\u00bb][et_pb_text _builder_version=\u00a0\u00bb4.18.0&Prime; _module_preset=\u00a0\u00bbdefault\u00a0\u00bb header_font=\u00a0\u00bbOswald|300|||||||\u00a0\u00bb header_text_color=\u00a0\u00bb#FFFFFF\u00a0\u00bb header_font_size=\u00a0\u00bb100px\u00a0\u00bb header_3_font=\u00a0\u00bbOswald|300|||||||\u00a0\u00bb header_3_text_align=\u00a0\u00bbleft\u00a0\u00bb header_3_text_color=\u00a0\u00bb#FFFFFF\u00a0\u00bb header_3_font_size=\u00a0\u00bb35px\u00a0\u00bb custom_margin=\u00a0\u00bb30px||-10px|20px|false|false\u00a0\u00bb hover_enabled=\u00a0\u00bb0&Prime; global_colors_info=\u00a0\u00bb{}\u00a0\u00bb header_font_size_last_edited=\u00a0\u00bbon|tablet\u00a0\u00bb header_font_size_tablet=\u00a0\u00bb40px\u00a0\u00bb sticky_enabled=\u00a0\u00bb0&Prime; header_font_size_phone=\u00a0\u00bb40px\u00a0\u00bb]<\/p>\n<div class=\"et_pb_module et_pb_text et_pb_text_0  et_pb_text_align_left et_pb_bg_layout_light\">\n<div class=\"et_pb_text_inner\">\n<h1>Office des R\u00e9novations<\/h1>\n<h1>et des Financements<\/h1>\n<h1>pour l\u2019Efficacit\u00e9 Energ\u00e9tique<\/h1>\n<h3><\/h3>\n<h3><\/h3>\n<h3><\/h3>\n<h3><\/h3>\n<h3>\u00a0Levier des r\u00e9novations \u00e9nerg\u00e9tiques performantes<\/h3>\n<\/div>\n<\/div>\n<p>[\/et_pb_text][et_pb_button button_url=\u00a0\u00bbhttps:\/\/serafin-renov.fr\/wp-content\/uploads\/2023\/03\/Brochure-ORFEE_Web.pdf\u00a0\u00bb button_text=\u00a0\u00bbd\u00e9couvrir notre brochure\u00a0\u00bb _builder_version=\u00a0\u00bb4.18.0&Prime; _module_preset=\u00a0\u00bbdefault\u00a0\u00bb custom_button=\u00a0\u00bbon\u00a0\u00bb button_text_size=\u00a0\u00bb15px\u00a0\u00bb button_text_color=\u00a0\u00bb#FFFFFF\u00a0\u00bb button_bg_color=\u00a0\u00bb#ea5045&Prime; button_border_width=\u00a0\u00bb0px\u00a0\u00bb button_letter_spacing=\u00a0\u00bb2px\u00a0\u00bb button_font=\u00a0\u00bbOswald|||on|||||\u00a0\u00bb button_icon=\u00a0\u00bb&#x45;||divi||400&Prime; custom_margin=\u00a0\u00bb25px|||46px|false|false\u00a0\u00bb global_colors_info=\u00a0\u00bb{}\u00a0\u00bb][\/et_pb_button][\/et_pb_column][\/et_pb_row][\/et_pb_section][et_pb_section fb_built=\u00a0\u00bb1&Prime; _builder_version=\u00a0\u00bb4.18.0&Prime; _module_preset=\u00a0\u00bbdefault\u00a0\u00bb global_colors_info=\u00a0\u00bb{}\u00a0\u00bb][et_pb_row column_structure=\u00a0\u00bb1_3,1_3,1_3&Prime; _builder_version=\u00a0\u00bb4.18.0&Prime; _module_preset=\u00a0\u00bbdefault\u00a0\u00bb custom_margin=\u00a0\u00bb-60px||||false|false\u00a0\u00bb global_colors_info=\u00a0\u00bb{}\u00a0\u00bb][et_pb_column type=\u00a0\u00bb1_3&Prime; _builder_version=\u00a0\u00bb4.18.0&Prime; _module_preset=\u00a0\u00bbdefault\u00a0\u00bb global_colors_info=\u00a0\u00bb{}\u00a0\u00bb][et_pb_blurb title=\u00a0\u00bb4 soci\u00e9t\u00e9s de tiers-financement\u00a0\u00bb image=\u00a0\u00bbhttps:\/\/serafin-renov.fr\/wp-content\/uploads\/2023\/03\/4-societes-de-tiers-financement.png\u00a0\u00bb image_icon_width=\u00a0\u00bb70%\u00a0\u00bb icon_alignment=\u00a0\u00bbleft\u00a0\u00bb _builder_version=\u00a0\u00bb4.18.0&Prime; _module_preset=\u00a0\u00bbdefault\u00a0\u00bb header_font=\u00a0\u00bb|||on|||||\u00a0\u00bb header_text_color=\u00a0\u00bb#ea5045&Prime; global_colors_info=\u00a0\u00bb{}\u00a0\u00bb]<\/p>\n<p style=\"text-align: justify;\"><span>Constitu\u00e9es par les R\u00e9gions Grand-Est, Hauts-de-France, Ile-de-France et Nouvelle-Aquitaine, 4 soci\u00e9t\u00e9s de tiers-financement se r\u00e9unissent pour renforcer leurs offres d\u2019accompagnement et de financement des travaux de r\u00e9novation \u00e9nerg\u00e9tique des logements individuels et des copropri\u00e9t\u00e9s.<\/span><\/p>\n<p>[\/et_pb_blurb][\/et_pb_column][et_pb_column type=\u00a0\u00bb1_3&Prime; _builder_version=\u00a0\u00bb4.18.0&Prime; _module_preset=\u00a0\u00bbdefault\u00a0\u00bb global_colors_info=\u00a0\u00bb{}\u00a0\u00bb][et_pb_blurb title=\u00a0\u00bbUn projet de 4 ans\u00a0\u00bb image=\u00a0\u00bbhttps:\/\/serafin-renov.fr\/wp-content\/uploads\/2023\/03\/Un-projet-de-4ans_Icon.png\u00a0\u00bb image_icon_width=\u00a0\u00bb70%\u00a0\u00bb icon_alignment=\u00a0\u00bbleft\u00a0\u00bb _builder_version=\u00a0\u00bb4.18.0&Prime; _module_preset=\u00a0\u00bbdefault\u00a0\u00bb header_font=\u00a0\u00bb|||on|||||\u00a0\u00bb header_text_color=\u00a0\u00bb#ea5045&Prime; global_colors_info=\u00a0\u00bb{}\u00a0\u00bb]<\/p>\n<p style=\"text-align: justify;\"><span>Construit par 11 partenaires aux comp\u00e9tences compl\u00e9mentaires : accompagnement des projets de r\u00e9novation \u00e9nerg\u00e9tique, thermique du b\u00e2timent, financement, expertise juridique, assurance construction, etc.<\/span><\/p>\n<p>[\/et_pb_blurb][\/et_pb_column][et_pb_column type=\u00a0\u00bb1_3&Prime; _builder_version=\u00a0\u00bb4.18.0&Prime; _module_preset=\u00a0\u00bbdefault\u00a0\u00bb global_colors_info=\u00a0\u00bb{}\u00a0\u00bb][et_pb_blurb title=\u00a0\u00bbUn objectif commun\u00a0\u00bb image=\u00a0\u00bbhttps:\/\/serafin-renov.fr\/wp-content\/uploads\/2023\/03\/Un-Objectif-commun-8.png\u00a0\u00bb image_icon_width=\u00a0\u00bb70%\u00a0\u00bb icon_alignment=\u00a0\u00bbleft\u00a0\u00bb _builder_version=\u00a0\u00bb4.18.0&Prime; _module_preset=\u00a0\u00bbdefault\u00a0\u00bb header_font=\u00a0\u00bb|||on|||||\u00a0\u00bb header_text_color=\u00a0\u00bb#ea5045&Prime; global_colors_info=\u00a0\u00bb{}\u00a0\u00bb]<\/p>\n<p style=\"text-align: justify;\"><span>Constituer un centre de ressources (outils num\u00e9riques, m\u00e9thodologies, processus\u2026) des soci\u00e9t\u00e9s de tiers-financement pour faciliter le financement de la r\u00e9novation \u00e9nerg\u00e9tique et renforcer la qualit\u00e9 des r\u00e9novations \u00e9nerg\u00e9tiques globales.<\/span><\/p>\n<p>[\/et_pb_blurb][\/et_pb_column][\/et_pb_row][\/et_pb_section][et_pb_section fb_built=\u00a0\u00bb1&Prime; prev_background_color=\u00a0\u00bb#ffffff\u00a0\u00bb _builder_version=\u00a0\u00bb4.18.0&Prime; _module_preset=\u00a0\u00bbdefault\u00a0\u00bb background_color=\u00a0\u00bb#ea5045&Prime; custom_margin=\u00a0\u00bb-60px||||false|false\u00a0\u00bb top_divider_style=\u00a0\u00bbgraph4&Prime; global_colors_info=\u00a0\u00bb{}\u00a0\u00bb][et_pb_row _builder_version=\u00a0\u00bb4.18.0&Prime; _module_preset=\u00a0\u00bbdefault\u00a0\u00bb custom_margin=\u00a0\u00bb-50px||||false|false\u00a0\u00bb custom_padding=\u00a0\u00bb||3px||false|false\u00a0\u00bb border_width_left=\u00a0\u00bb2px\u00a0\u00bb border_color_left=\u00a0\u00bb#FFFFFF\u00a0\u00bb global_colors_info=\u00a0\u00bb{}\u00a0\u00bb][et_pb_column type=\u00a0\u00bb4_4&Prime; _builder_version=\u00a0\u00bb4.18.0&Prime; _module_preset=\u00a0\u00bbdefault\u00a0\u00bb global_colors_info=\u00a0\u00bb{}\u00a0\u00bb][et_pb_text _builder_version=\u00a0\u00bb4.18.0&Prime; _module_preset=\u00a0\u00bbdefault\u00a0\u00bb header_font=\u00a0\u00bbOswald|300|||||||\u00a0\u00bb header_text_color=\u00a0\u00bb#FFFFFF\u00a0\u00bb header_font_size=\u00a0\u00bb57px\u00a0\u00bb header_2_font=\u00a0\u00bbOswald|300|||||||\u00a0\u00bb header_2_text_align=\u00a0\u00bbleft\u00a0\u00bb header_2_text_color=\u00a0\u00bb#FFFFFF\u00a0\u00bb header_2_font_size=\u00a0\u00bb55px\u00a0\u00bb custom_margin=\u00a0\u00bb|||30px|false|false\u00a0\u00bb hover_enabled=\u00a0\u00bb0&Prime; global_colors_info=\u00a0\u00bb{}\u00a0\u00bb custom_margin_last_edited=\u00a0\u00bbon|phone\u00a0\u00bb custom_margin_phone=\u00a0\u00bb|||10px|false|false\u00a0\u00bb sticky_enabled=\u00a0\u00bb0&Prime; custom_margin_tablet=\u00a0\u00bb|||30px|false|false\u00a0\u00bb]<\/p>\n<h2><\/h2>\n<h2><\/h2>\n<h2><\/h2>\n<h2><\/h2>\n<h2><\/h2>\n<h2><\/h2>\n<div class=\"et_pb_module et_pb_text et_pb_text_2  et_pb_text_align_center et_pb_bg_layout_light\">\n<div class=\"et_pb_text_inner\">\n<h1 style=\"text-align: left;\">Notre constat<\/h1>\n<\/div>\n<\/div>\n<p>[\/et_pb_text][\/et_pb_column][\/et_pb_row][et_pb_row column_structure=\u00a0\u00bb3_5,2_5&Prime; _builder_version=\u00a0\u00bb4.18.0&Prime; _module_preset=\u00a0\u00bbdefault\u00a0\u00bb custom_margin=\u00a0\u00bb||||false|false\u00a0\u00bb custom_padding=\u00a0\u00bb||0px|30px|false|false\u00a0\u00bb border_width_left=\u00a0\u00bb2px\u00a0\u00bb border_color_left=\u00a0\u00bb#FFFFFF\u00a0\u00bb global_colors_info=\u00a0\u00bb{}\u00a0\u00bb][et_pb_column type=\u00a0\u00bb3_5&Prime; _builder_version=\u00a0\u00bb4.18.0&Prime; _module_preset=\u00a0\u00bbdefault\u00a0\u00bb global_colors_info=\u00a0\u00bb{}\u00a0\u00bb][et_pb_text _builder_version=\u00a0\u00bb4.18.0&Prime; _module_preset=\u00a0\u00bbdefault\u00a0\u00bb text_font=\u00a0\u00bbLato||||||||\u00a0\u00bb text_text_color=\u00a0\u00bb#FFFFFF\u00a0\u00bb custom_margin=\u00a0\u00bb||||false|false\u00a0\u00bb hover_enabled=\u00a0\u00bb0&Prime; global_colors_info=\u00a0\u00bb{}\u00a0\u00bb custom_margin_last_edited=\u00a0\u00bbon|phone\u00a0\u00bb custom_margin_phone=\u00a0\u00bb||||false|false\u00a0\u00bb sticky_enabled=\u00a0\u00bb0&Prime; custom_margin_tablet=\u00a0\u00bb||||false|false\u00a0\u00bb]<\/p>\n<p>En moyenne, le secteur du b\u00e2timent repr\u00e9sente pr\u00e8s de<strong>\u00a040 % de la consommation finale d\u2019\u00e9nergie<\/strong>\u00a0et\u00a0<strong>36 % des \u00e9missions de gaz \u00e0 effet de serre au sein de l\u2019Union europ\u00e9enne.<\/strong>Afin d\u2019atteindre\u00a0<strong>la neutralit\u00e9 carbone \u00e0 horizon 2050<\/strong>, le Plan R\u00e9novation \u00e9nerg\u00e9tique des b\u00e2timents de 2018\u00a0<strong>fixe l\u2019objectif de 500 000 r\u00e9novations performantes<\/strong>\u00a0de logements par an en France. L\u2019Etat pr\u00e9voit d\u2019avoir\u00a0<strong>r\u00e9nov\u00e9 d\u2019ici \u00e0 2028 les 7 \u00e0 8 millions de passoires thermiques<\/strong>\u00a0(\u00e9tiquettes F et G du Diagnostique de Performance Energ\u00e9tique \u2013 DPE).<\/p>\n<p>Or, 75 % des r\u00e9novations de maisons individuelles n\u2019ont aucun impact sur la performance \u00e9nerg\u00e9tique ;\u00a0<strong>seulement 5% des r\u00e9novations<\/strong>\u00a0ont permis une am\u00e9lioration de deux classes \u00e9nerg\u00e9tiques du Diagnostic de performance \u00e9nerg\u00e9tique (DPE) \u2013 (ADEME \u2013 enqu\u00eate TREMI 2017)<strong>20 % des m\u00e9nages sont en situation de pr\u00e9carit\u00e9 \u00e9nerg\u00e9tique en France<\/strong>\u00a0(d\u2019apr\u00e8s l\u2019Observatoire de la Pr\u00e9carit\u00e9 Energ\u00e9tique)<\/p>\n<p>[\/et_pb_text][\/et_pb_column][et_pb_column type=\u00a0\u00bb2_5&Prime; _builder_version=\u00a0\u00bb4.18.0&Prime; _module_preset=\u00a0\u00bbdefault\u00a0\u00bb global_colors_info=\u00a0\u00bb{}\u00a0\u00bb][et_pb_video src=\u00a0\u00bbhttps:\/\/www.youtube.com\/watch?v=YvqV0zTM6Bo&#038;t=8s\u00a0\u00bb _builder_version=\u00a0\u00bb4.18.0&Prime; _module_preset=\u00a0\u00bbdefault\u00a0\u00bb global_colors_info=\u00a0\u00bb{}\u00a0\u00bb][\/et_pb_video][\/et_pb_column][\/et_pb_row][\/et_pb_section][et_pb_section fb_built=\u00a0\u00bb1&Prime; _builder_version=\u00a0\u00bb4.18.0&Prime; _module_preset=\u00a0\u00bbdefault\u00a0\u00bb background_color=\u00a0\u00bb#ea5045&Prime; custom_padding=\u00a0\u00bb0px||||false|false\u00a0\u00bb global_colors_info=\u00a0\u00bb{}\u00a0\u00bb][et_pb_row _builder_version=\u00a0\u00bb4.18.0&Prime; _module_preset=\u00a0\u00bbdefault\u00a0\u00bb custom_margin=\u00a0\u00bb-75px||||false|false\u00a0\u00bb border_width_left=\u00a0\u00bb2px\u00a0\u00bb border_color_left=\u00a0\u00bb#FFFFFF\u00a0\u00bb global_colors_info=\u00a0\u00bb{}\u00a0\u00bb][et_pb_column type=\u00a0\u00bb4_4&Prime; _builder_version=\u00a0\u00bb4.18.0&Prime; _module_preset=\u00a0\u00bbdefault\u00a0\u00bb global_colors_info=\u00a0\u00bb{}\u00a0\u00bb][et_pb_text _builder_version=\u00a0\u00bb4.18.0&Prime; _module_preset=\u00a0\u00bbdefault\u00a0\u00bb header_font=\u00a0\u00bbOswald|300|||||||\u00a0\u00bb header_text_color=\u00a0\u00bb#FFFFFF\u00a0\u00bb header_font_size=\u00a0\u00bb57px\u00a0\u00bb header_2_font=\u00a0\u00bbOswald|300|||||||\u00a0\u00bb header_2_text_align=\u00a0\u00bbleft\u00a0\u00bb header_2_text_color=\u00a0\u00bb#FFFFFF\u00a0\u00bb header_2_font_size=\u00a0\u00bb55px\u00a0\u00bb custom_margin=\u00a0\u00bb-65px|||30px|false|false\u00a0\u00bb custom_padding=\u00a0\u00bb||||false|false\u00a0\u00bb hover_enabled=\u00a0\u00bb0&Prime; global_colors_info=\u00a0\u00bb{}\u00a0\u00bb custom_margin_last_edited=\u00a0\u00bbon|phone\u00a0\u00bb custom_margin_phone=\u00a0\u00bb|||10px|false|false\u00a0\u00bb sticky_enabled=\u00a0\u00bb0&Prime; custom_margin_tablet=\u00a0\u00bb-65px|||30px|false|false\u00a0\u00bb]<\/p>\n<h2><\/h2>\n<p>&nbsp;<\/p>\n<p>&nbsp;<\/p>\n<p>&nbsp;<\/p>\n<div class=\"et_pb_module et_pb_text et_pb_text_2  et_pb_text_align_center et_pb_bg_layout_light\">\n<div class=\"et_pb_text_inner\">\n<h1 style=\"text-align: left;\">La r\u00e9novation \u00e9nerg\u00e9tique<\/h1>\n<\/div>\n<\/div>\n<p>[\/et_pb_text][et_pb_text _builder_version=\u00a0\u00bb4.18.0&Prime; _module_preset=\u00a0\u00bbdefault\u00a0\u00bb text_font=\u00a0\u00bbLato||||||||\u00a0\u00bb text_text_color=\u00a0\u00bb#FFFFFF\u00a0\u00bb header_4_font=\u00a0\u00bbOswald|300||on|||||\u00a0\u00bb header_4_text_color=\u00a0\u00bb#FFFFFF\u00a0\u00bb header_4_font_size=\u00a0\u00bb16px\u00a0\u00bb header_4_letter_spacing=\u00a0\u00bb1px\u00a0\u00bb header_4_line_height=\u00a0\u00bb1.2em\u00a0\u00bb custom_margin=\u00a0\u00bb|||60px|false|false\u00a0\u00bb hover_enabled=\u00a0\u00bb0&Prime; global_colors_info=\u00a0\u00bb{}\u00a0\u00bb custom_margin_last_edited=\u00a0\u00bbon|phone\u00a0\u00bb custom_margin_phone=\u00a0\u00bb|||10px|false|false\u00a0\u00bb sticky_enabled=\u00a0\u00bb0&Prime; custom_margin_tablet=\u00a0\u00bb|||60px|false|false\u00a0\u00bb]<\/p>\n<h4 style=\"text-align: justify;\">La r\u00e9novation \u00e9nerg\u00e9tique des logements fait l\u2019objet d\u2019un consensus car elle apporte des b\u00e9n\u00e9fices aux occupants et \u00e0 la collectivit\u00e9 :<\/h4>\n<ul style=\"text-align: justify;\">\n<li style=\"text-align: justify;\">R\u00e9duire les factures d\u2019\u00e9nergie, am\u00e9liorer le confort thermique et acoustique des habitants et pr\u00e9server leur sant\u00e9,<\/li>\n<li style=\"text-align: justify;\">Limiter le r\u00e9chauffement climatique en r\u00e9duisant les consommations \u00e9nerg\u00e9tiques et les \u00e9missions de gaz \u00e0 effet de serre.<\/li>\n<\/ul>\n<h4 style=\"text-align: justify;\"><\/h4>\n<h4 style=\"text-align: justify;\">Le d\u00e9collage du march\u00e9 des r\u00e9novations performantes suppose de f\u00e9d\u00e9rer les acteurs concern\u00e9s :<\/h4>\n<ul style=\"text-align: justify;\">\n<li>Les entreprises qui r\u00e9alisent les travaux,<\/li>\n<li>\u00a0Les professionnels qui conseillent les particuliers et les copropri\u00e9t\u00e9s, pour simplifier leurs d\u00e9marches,<\/li>\n<\/ul>\n<h4 style=\"text-align: justify;\">Faciliter le financement des travaux :<\/h4>\n<ul>\n<li>\n<p style=\"text-align: justify;\">Les Soci\u00e9t\u00e9s de tiers-financement r\u00e9pondent \u00e0 ces besoins par une offre de financement int\u00e9gr\u00e9e \u00e0 une offre d\u2019accompagnement \u00e0 la r\u00e9alisation des travaux<\/p>\n<\/li>\n<\/ul>\n<p>[\/et_pb_text][\/et_pb_column][\/et_pb_row][\/et_pb_section]<\/p>\n","protected":false},"excerpt":{"rendered":"<p>Office des R\u00e9novations et des Financements pour l\u2019Efficacit\u00e9 Energ\u00e9tique \u00a0Levier des r\u00e9novations \u00e9nerg\u00e9tiques performantes Constitu\u00e9es par les R\u00e9gions Grand-Est, Hauts-de-France, Ile-de-France et Nouvelle-Aquitaine, 4 soci\u00e9t\u00e9s de tiers-financement se r\u00e9unissent pour renforcer leurs offres d\u2019accompagnement et de financement des travaux de r\u00e9novation \u00e9nerg\u00e9tique des logements individuels et des copropri\u00e9t\u00e9s.Construit par 11 partenaires aux comp\u00e9tences compl\u00e9mentaires : [&hellip;]<\/p>\n","protected":false},"author":1,"featured_media":0,"parent":0,"menu_order":0,"comment_status":"closed","ping_status":"closed","template":"","meta":{"_et_pb_use_builder":"on","_et_pb_old_content":"","_et_gb_content_width":"","footnotes":""},"class_list":["post-115","page","type-page","status-publish","hentry"],"_links":{"self":[{"href":"https:\/\/serafin-renov.fr\/index.php\/wp-json\/wp\/v2\/pages\/115","targetHints":{"allow":["GET"]}}],"collection":[{"href":"https:\/\/serafin-renov.fr\/index.php\/wp-json\/wp\/v2\/pages"}],"about":[{"href":"https:\/\/serafin-renov.fr\/index.php\/wp-json\/wp\/v2\/types\/page"}],"author":[{"embeddable":true,"href":"https:\/\/serafin-renov.fr\/index.php\/wp-json\/wp\/v2\/users\/1"}],"replies":[{"embeddable":true,"href":"https:\/\/serafin-renov.fr\/index.php\/wp-json\/wp\/v2\/comments?post=115"}],"version-history":[{"count":8,"href":"https:\/\/serafin-renov.fr\/index.php\/wp-json\/wp\/v2\/pages\/115\/revisions"}],"predecessor-version":[{"id":547,"href":"https:\/\/serafin-renov.fr\/index.php\/wp-json\/wp\/v2\/pages\/115\/revisions\/547"}],"wp:attachment":[{"href":"https:\/\/serafin-renov.fr\/index.php\/wp-json\/wp\/v2\/media?parent=115"}],"curies":[{"name":"wp","href":"https:\/\/api.w.org\/{rel}","templated":true}]}}