{"id":111,"date":"2023-02-13T14:35:44","date_gmt":"2023-02-13T13:35:44","guid":{"rendered":"https:\/\/serafin-renov.fr\/?page_id=111"},"modified":"2024-05-03T16:02:02","modified_gmt":"2024-05-03T14:02:02","slug":"lassociation-serafin","status":"publish","type":"page","link":"https:\/\/serafin-renov.fr\/index.php\/qui-sommes-nous\/lassociation-serafin\/","title":{"rendered":"L&rsquo;ASSOCIATION"},"content":{"rendered":"<p>[et_pb_section fb_built=\u00a0\u00bb1&Prime; _builder_version=\u00a0\u00bb4.25.0&Prime; _module_preset=\u00a0\u00bbdefault\u00a0\u00bb global_colors_info=\u00a0\u00bb{}\u00a0\u00bb][et_pb_row _builder_version=\u00a0\u00bb4.25.0&Prime; _module_preset=\u00a0\u00bbdefault\u00a0\u00bb hover_enabled=\u00a0\u00bb0&Prime; global_colors_info=\u00a0\u00bb{}\u00a0\u00bb border_width_left=\u00a0\u00bb2px\u00a0\u00bb border_color_left=\u00a0\u00bb#ea4f44&Prime; sticky_enabled=\u00a0\u00bb0&Prime; custom_padding=\u00a0\u00bb60px||||false|false\u00a0\u00bb][et_pb_column type=\u00a0\u00bb4_4&Prime; _builder_version=\u00a0\u00bb4.25.0&Prime; _module_preset=\u00a0\u00bbdefault\u00a0\u00bb global_colors_info=\u00a0\u00bb{}\u00a0\u00bb][et_pb_text _builder_version=\u00a0\u00bb4.25.0&Prime; _module_preset=\u00a0\u00bbdefault\u00a0\u00bb hover_enabled=\u00a0\u00bb0&Prime; sticky_enabled=\u00a0\u00bb0&Prime; custom_padding=\u00a0\u00bb||0px|0px|false|false\u00a0\u00bb custom_margin=\u00a0\u00bb30px|||20px|false|false\u00a0\u00bb]<\/p>\n<h1>L&rsquo;association Serafin<\/h1>\n<p>[\/et_pb_text][\/et_pb_column][\/et_pb_row][et_pb_row _builder_version=\u00a0\u00bb4.25.0&Prime; _module_preset=\u00a0\u00bbdefault\u00a0\u00bb custom_margin=\u00a0\u00bb-22px|auto||auto||\u00a0\u00bb custom_padding=\u00a0\u00bb58px|||||\u00a0\u00bb min_height=\u00a0\u00bb122.6px\u00a0\u00bb][et_pb_column _builder_version=\u00a0\u00bb4.25.0&Prime; _module_preset=\u00a0\u00bbdefault\u00a0\u00bb type=\u00a0\u00bb4_4&Prime;][et_pb_text _builder_version=\u00a0\u00bb4.25.0&Prime; _module_preset=\u00a0\u00bbdefault\u00a0\u00bb hover_enabled=\u00a0\u00bb0&Prime; global_colors_info=\u00a0\u00bb{}\u00a0\u00bb sticky_enabled=\u00a0\u00bb0&Prime; custom_padding=\u00a0\u00bb|||3px||\u00a0\u00bb custom_margin=\u00a0\u00bb|||20px|false|false\u00a0\u00bb]<\/p>\n<p><span style=\"font-size: 14px;\">Afin de conjuguer leurs forces et de partager largement leurs exp\u00e9riences pour contribuer plus encore \u00e0 la massification de la r\u00e9novation \u00e9nerg\u00e9tique \u00e0 l\u2019\u00e9chelle nationale, les Soci\u00e9t\u00e9s de Tiers-Financement, ensembliers de la r\u00e9novation \u00e9nerg\u00e9tique, ont constitu\u00e9 d\u00e9but 2022 une association nationale : l\u2019<\/span><strong style=\"font-size: 14px;\">association Serafin<\/strong><span style=\"font-size: 14px;\">\u00a0pour\u00a0<\/span><strong style=\"font-size: 14px;\">SE<\/strong><span style=\"font-size: 14px;\">rvices territoriaux de\u00a0<\/span><strong style=\"font-size: 14px;\">R<\/strong><span style=\"font-size: 14px;\">\u00e9novation :\u00a0<\/span><strong style=\"font-size: 14px;\">A<\/strong><span style=\"font-size: 14px;\">ccompagnent et\u00a0<\/span><strong style=\"font-size: 14px;\">FIN<\/strong><span style=\"font-size: 14px;\">ancement.<\/span><\/p>\n<p>[\/et_pb_text][\/et_pb_column][\/et_pb_row][et_pb_row column_structure=\u00a0\u00bb2_5,3_5&Prime; _builder_version=\u00a0\u00bb4.25.0&Prime; _module_preset=\u00a0\u00bbdefault\u00a0\u00bb min_height=\u00a0\u00bb475px\u00a0\u00bb global_colors_info=\u00a0\u00bb{}\u00a0\u00bb][et_pb_column type=\u00a0\u00bb2_5&Prime; _builder_version=\u00a0\u00bb4.25.0&Prime; _module_preset=\u00a0\u00bbdefault\u00a0\u00bb global_colors_info=\u00a0\u00bb{}\u00a0\u00bb][et_pb_gallery gallery_ids=\u00a0\u00bb1066&Prime; posts_number=\u00a0\u00bb1&Prime; show_title_and_caption=\u00a0\u00bboff\u00a0\u00bb show_pagination=\u00a0\u00bboff\u00a0\u00bb _builder_version=\u00a0\u00bb4.25.0&Prime; _module_preset=\u00a0\u00bbdefault\u00a0\u00bb custom_padding=\u00a0\u00bb0px||0px|||\u00a0\u00bb global_colors_info=\u00a0\u00bb{}\u00a0\u00bb][\/et_pb_gallery][\/et_pb_column][et_pb_column type=\u00a0\u00bb3_5&Prime; _builder_version=\u00a0\u00bb4.25.0&Prime; _module_preset=\u00a0\u00bbdefault\u00a0\u00bb global_colors_info=\u00a0\u00bb{}\u00a0\u00bb][et_pb_text _builder_version=\u00a0\u00bb4.25.0&Prime; _module_preset=\u00a0\u00bbdefault\u00a0\u00bb custom_padding=\u00a0\u00bb43px|||||\u00a0\u00bb hover_enabled=\u00a0\u00bb0&Prime; global_colors_info=\u00a0\u00bb{}\u00a0\u00bb sticky_enabled=\u00a0\u00bb0&Prime;]<\/p>\n<h2>Les membres de l&rsquo;association Serafin<\/h2>\n<p>L&rsquo;association Serafin regroupe les <a href=\"https:\/\/serafin-renov.fr\/index.php\/qui-sommes-nous\/les-societes-de-tiers-financement\/\">soci\u00e9t\u00e9s de tiers-financement<\/a> fran\u00e7aises et leurs partenaires :<\/p>\n<ul>\n<li><a href=\"https:\/\/www.pass-renovation.hautsdefrance.fr\/\" target=\"_blank\" rel=\"noopener\">R\u00e9gie R\u00e9gionale du Service public de l\u2019Efficacit\u00e9 Energ\u00e9tique<\/a> (SPEE) de la R\u00e9gion Hauts de France ;<\/li>\n<li>Bordeaux M\u00e9tropole Energies, qui d\u00e9veloppe son offre sous la marque <a href=\"https:\/\/www.facirenov.fr\/\" target=\"_blank\" rel=\"noopener\">FaciR\u00e9nov<\/a> ;<\/li>\n<li><a href=\"https:\/\/www.oktave.fr\/\" target=\"_blank\" rel=\"noopener\">Oktave<\/a> en R\u00e9gion Grand Est ;<\/li>\n<li><a href=\"https:\/\/cvdl-energies.fr\/\" target=\"_blank\" rel=\"noopener\">Centre-Val de Loire Energies<\/a> ;<\/li>\n<li>Agence r\u00e9gionale Energie Climat (AREC) de la R\u00e9gion Occitanie avec son offre <a href=\"https:\/\/renovoccitanie.laregion.fr\/\" target=\"_blank\" rel=\"noopener\">R\u00e9nov\u2019Occitanie<\/a> ;<\/li>\n<li><a href=\"https:\/\/www.effinergie.org\/web\/\" target=\"_blank\" rel=\"noopener\">Collectif Effinergie<\/a> ;<\/li>\n<li><a href=\"https:\/\/energies-demain.com\/\">Energies Demain<\/a> ;<\/li>\n<li><a href=\"https:\/\/www.pouget-consultants.eu\/\" target=\"_blank\" rel=\"noopener\">Pouget Consultants<\/a>.<\/li>\n<\/ul>\n<p>[\/et_pb_text][\/et_pb_column][\/et_pb_row][et_pb_row column_structure=\u00a0\u00bb1_2,1_2&Prime; _builder_version=\u00a0\u00bb4.25.0&Prime; _module_preset=\u00a0\u00bbdefault\u00a0\u00bb global_colors_info=\u00a0\u00bb{}\u00a0\u00bb][et_pb_column type=\u00a0\u00bb1_2&Prime; _builder_version=\u00a0\u00bb4.25.0&Prime; _module_preset=\u00a0\u00bbdefault\u00a0\u00bb global_colors_info=\u00a0\u00bb{}\u00a0\u00bb][et_pb_button button_url=\u00a0\u00bb@ET-DC@eyJkeW5hbWljIjp0cnVlLCJjb250ZW50IjoicG9zdF9saW5rX3VybF9wYWdlIiwic2V0dGluZ3MiOnsicG9zdF9pZCI6IjEwNyJ9fQ==@\u00a0\u00bb button_text=\u00a0\u00bbLES ACTUALIT\u00c9S\u00a0\u00bb button_alignment=\u00a0\u00bbcenter\u00a0\u00bb _builder_version=\u00a0\u00bb4.25.0&Prime; _dynamic_attributes=\u00a0\u00bbbutton_url\u00a0\u00bb _module_preset=\u00a0\u00bbdefault\u00a0\u00bb custom_button=\u00a0\u00bbon\u00a0\u00bb button_text_color=\u00a0\u00bb#FFFFFF\u00a0\u00bb button_bg_color=\u00a0\u00bb#ea4f44&Prime; button_border_width=\u00a0\u00bb0px\u00a0\u00bb button_font=\u00a0\u00bb&#8211;et_global_body_font||||||||\u00a0\u00bb hover_enabled=\u00a0\u00bb0&Prime; global_colors_info=\u00a0\u00bb{}\u00a0\u00bb sticky_enabled=\u00a0\u00bb0&Prime;][\/et_pb_button][\/et_pb_column][et_pb_column type=\u00a0\u00bb1_2&Prime; _builder_version=\u00a0\u00bb4.25.0&Prime; _module_preset=\u00a0\u00bbdefault\u00a0\u00bb global_colors_info=\u00a0\u00bb{}\u00a0\u00bb][et_pb_button button_url=\u00a0\u00bb@ET-DC@eyJkeW5hbWljIjp0cnVlLCJjb250ZW50IjoicG9zdF9saW5rX3VybF9wYWdlIiwic2V0dGluZ3MiOnsicG9zdF9pZCI6IjQ2NiJ9fQ==@\u00a0\u00bb button_text=\u00a0\u00bbL&rsquo;AGENDA\u00a0\u00bb button_alignment=\u00a0\u00bbcenter\u00a0\u00bb _builder_version=\u00a0\u00bb4.25.0&Prime; _dynamic_attributes=\u00a0\u00bbbutton_url\u00a0\u00bb _module_preset=\u00a0\u00bbdefault\u00a0\u00bb custom_button=\u00a0\u00bbon\u00a0\u00bb button_text_color=\u00a0\u00bb#FFFFFF\u00a0\u00bb button_bg_color=\u00a0\u00bb#ea4f44&Prime; button_border_width=\u00a0\u00bb0px\u00a0\u00bb button_font=\u00a0\u00bb&#8211;et_global_body_font||||||||\u00a0\u00bb hover_enabled=\u00a0\u00bb0&Prime; global_colors_info=\u00a0\u00bb{}\u00a0\u00bb sticky_enabled=\u00a0\u00bb0&Prime;][\/et_pb_button][\/et_pb_column][\/et_pb_row][\/et_pb_section]<\/p>\n","protected":false},"excerpt":{"rendered":"<p>L&rsquo;association SerafinAfin de conjuguer leurs forces et de partager largement leurs exp\u00e9riences pour contribuer plus encore \u00e0 la massification de la r\u00e9novation \u00e9nerg\u00e9tique \u00e0 l\u2019\u00e9chelle nationale, les Soci\u00e9t\u00e9s de Tiers-Financement, ensembliers de la r\u00e9novation \u00e9nerg\u00e9tique, ont constitu\u00e9 d\u00e9but 2022 une association nationale : l\u2019association Serafin\u00a0pour\u00a0SErvices territoriaux de\u00a0R\u00e9novation :\u00a0Accompagnent et\u00a0FINancement.Les membres de l&rsquo;association Serafin L&rsquo;association Serafin [&hellip;]<\/p>\n","protected":false},"author":1,"featured_media":0,"parent":143,"menu_order":0,"comment_status":"closed","ping_status":"closed","template":"","meta":{"_et_pb_use_builder":"on","_et_pb_old_content":"","_et_gb_content_width":"","footnotes":""},"class_list":["post-111","page","type-page","status-publish","hentry"],"_links":{"self":[{"href":"https:\/\/serafin-renov.fr\/index.php\/wp-json\/wp\/v2\/pages\/111","targetHints":{"allow":["GET"]}}],"collection":[{"href":"https:\/\/serafin-renov.fr\/index.php\/wp-json\/wp\/v2\/pages"}],"about":[{"href":"https:\/\/serafin-renov.fr\/index.php\/wp-json\/wp\/v2\/types\/page"}],"author":[{"embeddable":true,"href":"https:\/\/serafin-renov.fr\/index.php\/wp-json\/wp\/v2\/users\/1"}],"replies":[{"embeddable":true,"href":"https:\/\/serafin-renov.fr\/index.php\/wp-json\/wp\/v2\/comments?post=111"}],"version-history":[{"count":8,"href":"https:\/\/serafin-renov.fr\/index.php\/wp-json\/wp\/v2\/pages\/111\/revisions"}],"predecessor-version":[{"id":1138,"href":"https:\/\/serafin-renov.fr\/index.php\/wp-json\/wp\/v2\/pages\/111\/revisions\/1138"}],"up":[{"embeddable":true,"href":"https:\/\/serafin-renov.fr\/index.php\/wp-json\/wp\/v2\/pages\/143"}],"wp:attachment":[{"href":"https:\/\/serafin-renov.fr\/index.php\/wp-json\/wp\/v2\/media?parent=111"}],"curies":[{"name":"wp","href":"https:\/\/api.w.org\/{rel}","templated":true}]}}